{"id":72,"date":"2025-09-07T02:47:16","date_gmt":"2025-09-07T07:47:16","guid":{"rendered":"https:\/\/bethelight.com.co\/?page_id=72"},"modified":"2025-09-07T02:47:35","modified_gmt":"2025-09-07T07:47:35","slug":"portafolio","status":"publish","type":"page","link":"https:\/\/bethelight.com.co\/?page_id=72","title":{"rendered":"Portafolio"},"content":{"rendered":"\t\t<div data-elementor-type=\"wp-page\" data-elementor-id=\"72\" class=\"elementor elementor-72\" data-elementor-post-type=\"page\">\n\t\t\t\t<div class=\"elementor-element elementor-element-a7744ef e-flex e-con-boxed e-con e-parent\" data-id=\"a7744ef\" data-element_type=\"container\" data-settings=\"{&quot;background_background&quot;:&quot;classic&quot;}\">\n\t\t\t\t\t<div class=\"e-con-inner\">\n\t\t<div class=\"elementor-element elementor-element-0035bd5 e-con-full e-flex e-con e-child\" data-id=\"0035bd5\" data-element_type=\"container\">\n\t\t\t\t<div class=\"elementor-element elementor-element-0a3702a elementor-widget elementor-widget-heading\" data-id=\"0a3702a\" data-element_type=\"widget\" data-widget_type=\"heading.default\">\n\t\t\t\t\t<h2 class=\"elementor-heading-title elementor-size-default\">Ilumina tu mundo<\/h2>\t\t\t\t<\/div>\n\t\t\t\t<div class=\"elementor-element elementor-element-ed61117 elementor-widget elementor-widget-text-editor\" data-id=\"ed61117\" data-element_type=\"widget\" data-widget_type=\"text-editor.default\">\n\t\t\t\t\t\t\t\t\t<p>Descubre c\u00f3mo nuestras soluciones en dise\u00f1o de iluminaci\u00f3n transforman espect\u00e1culos en experiencias memorables.<\/p>\t\t\t\t\t\t\t\t<\/div>\n\t\t\t\t<\/div>\n\t\t\t\t\t<\/div>\n\t\t\t\t<\/div>\n\t\t<div class=\"elementor-element elementor-element-69cb08c e-flex e-con-boxed e-con e-parent\" data-id=\"69cb08c\" data-element_type=\"container\" data-settings=\"{&quot;background_background&quot;:&quot;classic&quot;}\">\n\t\t\t\t\t<div class=\"e-con-inner\">\n\t\t<div class=\"elementor-element elementor-element-c4d9a03 e-flex e-con-boxed e-con e-child\" data-id=\"c4d9a03\" data-element_type=\"container\">\n\t\t\t\t\t<div class=\"e-con-inner\">\n\t\t\t\t<div class=\"elementor-element elementor-element-0974780 elementor-widget elementor-widget-heading\" data-id=\"0974780\" data-element_type=\"widget\" data-widget_type=\"heading.default\">\n\t\t\t\t\t<h5 class=\"elementor-heading-title elementor-size-default\">Ilumina tu mundo<\/h5>\t\t\t\t<\/div>\n\t\t\t\t<div class=\"elementor-element elementor-element-114d0ca elementor-widget elementor-widget-heading\" data-id=\"114d0ca\" data-element_type=\"widget\" data-widget_type=\"heading.default\">\n\t\t\t\t\t<h2 class=\"elementor-heading-title elementor-size-default\">Portafolio<\/h2>\t\t\t\t<\/div>\n\t\t\t\t\t<\/div>\n\t\t\t\t<\/div>\n\t\t<div class=\"elementor-element elementor-element-5b681ef e-con-full e-flex e-con e-child\" data-id=\"5b681ef\" data-element_type=\"container\">\n\t\t\t\t<div class=\"elementor-element elementor-element-30d8771 gallery-spacing-espaciado ajustado elementor-widget elementor-widget-image-gallery\" data-id=\"30d8771\" data-element_type=\"widget\" data-widget_type=\"image-gallery.default\">\n\t\t\t\t\t\t\t<div class=\"elementor-image-gallery\">\n\t\t\t<div id='gallery-1' class='gallery galleryid-72 gallery-columns-4 gallery-size-large'><figure class='gallery-item'>\n\t\t\t<div class='gallery-icon landscape'>\n\t\t\t\t<a data-elementor-open-lightbox=\"yes\" data-elementor-lightbox-slideshow=\"30d8771\" data-elementor-lightbox-title=\"wireframe-img-02.png\" data-e-action-hash=\"#elementor-action%3Aaction%3Dlightbox%26settings%3DeyJpZCI6OTksInVybCI6Imh0dHBzOlwvXC9iZXRoZWxpZ2h0LmNvbS5jb1wvd3AtY29udGVudFwvdXBsb2Fkc1wvMjAyNVwvMDlcL3dpcmVmcmFtZS1pbWctMDIucG5nIiwic2xpZGVzaG93IjoiMzBkODc3MSJ9\" href='https:\/\/bethelight.com.co\/wp-content\/uploads\/2025\/09\/wireframe-img-02.png'><img fetchpriority=\"high\" decoding=\"async\" width=\"1024\" height=\"576\" src=\"https:\/\/bethelight.com.co\/wp-content\/uploads\/2025\/09\/wireframe-img-02-1024x576.png\" class=\"attachment-large size-large\" alt=\"\" srcset=\"https:\/\/bethelight.com.co\/wp-content\/uploads\/2025\/09\/wireframe-img-02-1024x576.png 1024w, https:\/\/bethelight.com.co\/wp-content\/uploads\/2025\/09\/wireframe-img-02-300x169.png 300w, https:\/\/bethelight.com.co\/wp-content\/uploads\/2025\/09\/wireframe-img-02-768x432.png 768w, https:\/\/bethelight.com.co\/wp-content\/uploads\/2025\/09\/wireframe-img-02-1536x864.png 1536w, https:\/\/bethelight.com.co\/wp-content\/uploads\/2025\/09\/wireframe-img-02.png 1920w\" sizes=\"(max-width: 1024px) 100vw, 1024px\" \/><\/a>\n\t\t\t<\/div><\/figure><figure class='gallery-item'>\n\t\t\t<div class='gallery-icon landscape'>\n\t\t\t\t<a data-elementor-open-lightbox=\"yes\" data-elementor-lightbox-slideshow=\"30d8771\" data-elementor-lightbox-title=\"wireframe-img-03.png\" data-e-action-hash=\"#elementor-action%3Aaction%3Dlightbox%26settings%3DeyJpZCI6MTA1LCJ1cmwiOiJodHRwczpcL1wvYmV0aGVsaWdodC5jb20uY29cL3dwLWNvbnRlbnRcL3VwbG9hZHNcLzIwMjVcLzA5XC93aXJlZnJhbWUtaW1nLTAzLnBuZyIsInNsaWRlc2hvdyI6IjMwZDg3NzEifQ%3D%3D\" href='https:\/\/bethelight.com.co\/wp-content\/uploads\/2025\/09\/wireframe-img-03.png'><img decoding=\"async\" width=\"1024\" height=\"576\" src=\"https:\/\/bethelight.com.co\/wp-content\/uploads\/2025\/09\/wireframe-img-03-1024x576.png\" class=\"attachment-large size-large\" alt=\"\" srcset=\"https:\/\/bethelight.com.co\/wp-content\/uploads\/2025\/09\/wireframe-img-03-1024x576.png 1024w, https:\/\/bethelight.com.co\/wp-content\/uploads\/2025\/09\/wireframe-img-03-300x169.png 300w, https:\/\/bethelight.com.co\/wp-content\/uploads\/2025\/09\/wireframe-img-03-768x432.png 768w, https:\/\/bethelight.com.co\/wp-content\/uploads\/2025\/09\/wireframe-img-03-1536x864.png 1536w, https:\/\/bethelight.com.co\/wp-content\/uploads\/2025\/09\/wireframe-img-03.png 1920w\" sizes=\"(max-width: 1024px) 100vw, 1024px\" \/><\/a>\n\t\t\t<\/div><\/figure><figure class='gallery-item'>\n\t\t\t<div class='gallery-icon landscape'>\n\t\t\t\t<a data-elementor-open-lightbox=\"yes\" data-elementor-lightbox-slideshow=\"30d8771\" data-elementor-lightbox-title=\"wireframe-img-04.png\" data-e-action-hash=\"#elementor-action%3Aaction%3Dlightbox%26settings%3DeyJpZCI6MTA5LCJ1cmwiOiJodHRwczpcL1wvYmV0aGVsaWdodC5jb20uY29cL3dwLWNvbnRlbnRcL3VwbG9hZHNcLzIwMjVcLzA5XC93aXJlZnJhbWUtaW1nLTA0LnBuZyIsInNsaWRlc2hvdyI6IjMwZDg3NzEifQ%3D%3D\" href='https:\/\/bethelight.com.co\/wp-content\/uploads\/2025\/09\/wireframe-img-04.png'><img decoding=\"async\" width=\"1024\" height=\"576\" src=\"https:\/\/bethelight.com.co\/wp-content\/uploads\/2025\/09\/wireframe-img-04-1024x576.png\" class=\"attachment-large size-large\" alt=\"\" srcset=\"https:\/\/bethelight.com.co\/wp-content\/uploads\/2025\/09\/wireframe-img-04-1024x576.png 1024w, https:\/\/bethelight.com.co\/wp-content\/uploads\/2025\/09\/wireframe-img-04-300x169.png 300w, https:\/\/bethelight.com.co\/wp-content\/uploads\/2025\/09\/wireframe-img-04-768x432.png 768w, https:\/\/bethelight.com.co\/wp-content\/uploads\/2025\/09\/wireframe-img-04-1536x864.png 1536w, https:\/\/bethelight.com.co\/wp-content\/uploads\/2025\/09\/wireframe-img-04.png 1920w\" sizes=\"(max-width: 1024px) 100vw, 1024px\" \/><\/a>\n\t\t\t<\/div><\/figure><figure class='gallery-item'>\n\t\t\t<div class='gallery-icon landscape'>\n\t\t\t\t<a data-elementor-open-lightbox=\"yes\" data-elementor-lightbox-slideshow=\"30d8771\" data-elementor-lightbox-title=\"wireframe-img.png\" data-e-action-hash=\"#elementor-action%3Aaction%3Dlightbox%26settings%3DeyJpZCI6ODEsInVybCI6Imh0dHBzOlwvXC9iZXRoZWxpZ2h0LmNvbS5jb1wvd3AtY29udGVudFwvdXBsb2Fkc1wvMjAyNVwvMDlcL3dpcmVmcmFtZS1pbWcucG5nIiwic2xpZGVzaG93IjoiMzBkODc3MSJ9\" href='https:\/\/bethelight.com.co\/wp-content\/uploads\/2025\/09\/wireframe-img.png'><img loading=\"lazy\" decoding=\"async\" width=\"1024\" height=\"576\" src=\"https:\/\/bethelight.com.co\/wp-content\/uploads\/2025\/09\/wireframe-img-1024x576.png\" class=\"attachment-large size-large\" alt=\"\" srcset=\"https:\/\/bethelight.com.co\/wp-content\/uploads\/2025\/09\/wireframe-img-1024x576.png 1024w, https:\/\/bethelight.com.co\/wp-content\/uploads\/2025\/09\/wireframe-img-300x169.png 300w, https:\/\/bethelight.com.co\/wp-content\/uploads\/2025\/09\/wireframe-img-768x432.png 768w, https:\/\/bethelight.com.co\/wp-content\/uploads\/2025\/09\/wireframe-img-1536x864.png 1536w, https:\/\/bethelight.com.co\/wp-content\/uploads\/2025\/09\/wireframe-img.png 1920w\" sizes=\"(max-width: 1024px) 100vw, 1024px\" \/><\/a>\n\t\t\t<\/div><\/figure>\n\t\t<\/div>\n\t\t<\/div>\n\t\t\t\t\t\t<\/div>\n\t\t\t\t<\/div>\n\t\t\t\t\t<\/div>\n\t\t\t\t<\/div>\n\t\t<div class=\"elementor-element elementor-element-c612356 e-con-full e-flex e-con e-parent\" data-id=\"c612356\" data-element_type=\"container\">\n\t\t<div class=\"elementor-element elementor-element-d2bdfeb e-con-full e-flex e-con e-child\" data-id=\"d2bdfeb\" data-element_type=\"container\" data-settings=\"{&quot;background_background&quot;:&quot;classic&quot;}\">\n\t\t\t\t<div class=\"elementor-element elementor-element-6040d00 elementor-widget elementor-widget-heading\" data-id=\"6040d00\" data-element_type=\"widget\" data-widget_type=\"heading.default\">\n\t\t\t\t\t<h2 class=\"elementor-heading-title elementor-size-default\">Iluminaci\u00f3n de Teatro<\/h2>\t\t\t\t<\/div>\n\t\t\t\t<div class=\"elementor-element elementor-element-0ad9348 elementor-widget elementor-widget-text-editor\" data-id=\"0ad9348\" data-element_type=\"widget\" data-widget_type=\"text-editor.default\">\n\t\t\t\t\t\t\t\t\t<p>Este proyecto destaca por su innovadora iluminaci\u00f3n en un teatro. Combinamos t\u00e9cnicas modernas para crear un ambiente envolvente y atractivo que captur\u00f3 la atenci\u00f3n del p\u00fablico.<\/p>\t\t\t\t\t\t\t\t<\/div>\n\t\t\t\t<div class=\"elementor-element elementor-element-b3f22b2 elementor-align-center elementor-widget elementor-widget-button\" data-id=\"b3f22b2\" data-element_type=\"widget\" data-widget_type=\"button.default\">\n\t\t\t\t\t\t\t\t\t\t<a class=\"elementor-button elementor-button-link elementor-size-sm\" href=\"#\">\n\t\t\t\t\t\t<span class=\"elementor-button-content-wrapper\">\n\t\t\t\t\t\t\t\t\t<span class=\"elementor-button-text\">Ver Proyecto<\/span>\n\t\t\t\t\t<\/span>\n\t\t\t\t\t<\/a>\n\t\t\t\t\t\t\t\t<\/div>\n\t\t\t\t<\/div>\n\t\t<div class=\"elementor-element elementor-element-d399332 e-con-full e-flex e-con e-child\" data-id=\"d399332\" data-element_type=\"container\" data-settings=\"{&quot;background_background&quot;:&quot;classic&quot;}\">\n\t\t\t\t<div class=\"elementor-element elementor-element-b49ca30 elementor-widget elementor-widget-heading\" data-id=\"b49ca30\" data-element_type=\"widget\" data-widget_type=\"heading.default\">\n\t\t\t\t\t<h2 class=\"elementor-heading-title elementor-size-default\">Iluminaci\u00f3n para Conciertos<\/h2>\t\t\t\t<\/div>\n\t\t\t\t<div class=\"elementor-element elementor-element-f666cd2 elementor-widget elementor-widget-text-editor\" data-id=\"f666cd2\" data-element_type=\"widget\" data-widget_type=\"text-editor.default\">\n\t\t\t\t\t\t\t\t\t<p>En este concierto, implementamos un dise\u00f1o de iluminaci\u00f3n que realz\u00f3 la experiencia musical. La sinergia de luces y sonidos brind\u00f3 a los asistentes una noche inolvidable.<\/p>\t\t\t\t\t\t\t\t<\/div>\n\t\t\t\t<div class=\"elementor-element elementor-element-d99b533 elementor-align-center elementor-widget elementor-widget-button\" data-id=\"d99b533\" data-element_type=\"widget\" data-widget_type=\"button.default\">\n\t\t\t\t\t\t\t\t\t\t<a class=\"elementor-button elementor-button-link elementor-size-sm\" href=\"#\">\n\t\t\t\t\t\t<span class=\"elementor-button-content-wrapper\">\n\t\t\t\t\t\t\t\t\t<span class=\"elementor-button-text\">Ver Proyecto<\/span>\n\t\t\t\t\t<\/span>\n\t\t\t\t\t<\/a>\n\t\t\t\t\t\t\t\t<\/div>\n\t\t\t\t<\/div>\n\t\t<div class=\"elementor-element elementor-element-f576226 e-con-full e-flex e-con e-child\" data-id=\"f576226\" data-element_type=\"container\" data-settings=\"{&quot;background_background&quot;:&quot;classic&quot;}\">\n\t\t\t\t<div class=\"elementor-element elementor-element-9b6b12e elementor-widget elementor-widget-heading\" data-id=\"9b6b12e\" data-element_type=\"widget\" data-widget_type=\"heading.default\">\n\t\t\t\t\t<h2 class=\"elementor-heading-title elementor-size-default\">Instalaci\u00f3n para Eventos<\/h2>\t\t\t\t<\/div>\n\t\t\t\t<div class=\"elementor-element elementor-element-ea5d590 elementor-widget elementor-widget-text-editor\" data-id=\"ea5d590\" data-element_type=\"widget\" data-widget_type=\"text-editor.default\">\n\t\t\t\t\t\t\t\t\t<p>Este evento fue realzado con una instalaci\u00f3n de iluminaci\u00f3n \u00fanica que transform\u00f3 el espacio. Nuestros dise\u00f1os personalizados reflejaron la visi\u00f3n del cliente, logrando un impacto visual efectivo.<\/p>\t\t\t\t\t\t\t\t<\/div>\n\t\t\t\t<div class=\"elementor-element elementor-element-850637e elementor-align-center elementor-widget elementor-widget-button\" data-id=\"850637e\" data-element_type=\"widget\" data-widget_type=\"button.default\">\n\t\t\t\t\t\t\t\t\t\t<a class=\"elementor-button elementor-button-link elementor-size-sm\" href=\"#\">\n\t\t\t\t\t\t<span class=\"elementor-button-content-wrapper\">\n\t\t\t\t\t\t\t\t\t<span class=\"elementor-button-text\">Ver Proyecto<\/span>\n\t\t\t\t\t<\/span>\n\t\t\t\t\t<\/a>\n\t\t\t\t\t\t\t\t<\/div>\n\t\t\t\t<\/div>\n\t\t\t\t<\/div>\n\t\t<div class=\"elementor-element elementor-element-5a42c8c e-flex e-con-boxed e-con e-parent\" data-id=\"5a42c8c\" data-element_type=\"container\">\n\t\t\t\t\t<div class=\"e-con-inner\">\n\t\t<div class=\"elementor-element elementor-element-da80f95 e-con-full e-flex e-con e-child\" data-id=\"da80f95\" data-element_type=\"container\">\n\t\t\t\t<div class=\"elementor-element elementor-element-d31a149 elementor-widget elementor-widget-heading\" data-id=\"d31a149\" data-element_type=\"widget\" data-widget_type=\"heading.default\">\n\t\t\t\t\t<h2 class=\"elementor-heading-title elementor-size-default\">Testimonios de clientes<\/h2>\t\t\t\t<\/div>\n\t\t\t\t<div class=\"elementor-element elementor-element-ee97269 elementor-widget elementor-widget-heading\" data-id=\"ee97269\" data-element_type=\"widget\" data-widget_type=\"heading.default\">\n\t\t\t\t\t<h3 class=\"elementor-heading-title elementor-size-default\">A nuestros clientes les encanta trabajar con nosotros, \u00a1ve lo que piensan!<\/h3>\t\t\t\t<\/div>\n\t\t\t\t<\/div>\n\t\t\t\t<div class=\"elementor-element elementor-element-7e3f1be elementor-testimonial--layout-image_above elementor-testimonial--skin-default elementor-arrows-yes elementor-pagination-type-bullets elementor-widget elementor-widget-testimonial-carousel\" data-id=\"7e3f1be\" data-element_type=\"widget\" data-settings=\"{&quot;space_between&quot;:{&quot;unit&quot;:&quot;px&quot;,&quot;size&quot;:&quot;&quot;,&quot;sizes&quot;:[]},&quot;slides_per_view&quot;:&quot;1&quot;,&quot;slides_per_view_tablet&quot;:&quot;1&quot;,&quot;show_arrows&quot;:&quot;yes&quot;,&quot;pagination&quot;:&quot;bullets&quot;,&quot;speed&quot;:500,&quot;autoplay&quot;:&quot;yes&quot;,&quot;autoplay_speed&quot;:5000,&quot;loop&quot;:&quot;yes&quot;,&quot;pause_on_hover&quot;:&quot;yes&quot;,&quot;pause_on_interaction&quot;:&quot;yes&quot;,&quot;space_between_tablet&quot;:{&quot;unit&quot;:&quot;px&quot;,&quot;size&quot;:10,&quot;sizes&quot;:[]},&quot;space_between_mobile&quot;:{&quot;unit&quot;:&quot;px&quot;,&quot;size&quot;:10,&quot;sizes&quot;:[]}}\" data-widget_type=\"testimonial-carousel.default\">\n\t\t\t\t\t\t\t\t\t\t<div class=\"elementor-main-swiper swiper\" role=\"region\" aria-roledescription=\"carousel\" aria-label=\"Slides\">\n\t\t\t\t<div class=\"swiper-wrapper\">\n\t\t\t\t\t\t\t\t\t\t\t<div class=\"swiper-slide\" role=\"group\" aria-roledescription=\"slide\">\n\t\t\t\t\t\t\t\t\t<div class=\"elementor-testimonial\">\n\t\t\t\t\t\t\t<div class=\"elementor-testimonial__content\">\n\t\t\t\t\t<div class=\"elementor-testimonial__text\">\n\t\t\t\t\t\t\"Excelente atenci\u00f3n y creatividad en cada proyecto. Trabajar con Be the Light hizo toda la diferencia en nuestro espect\u00e1culo.\"\t\t\t\t\t<\/div>\n\t\t\t\t\t<cite class=\"elementor-testimonial__cite\"><span class=\"elementor-testimonial__name\">Mar\u00eda L\u00f3pez<\/span><span class=\"elementor-testimonial__title\">Gerente, Teatro Nacional<\/span><\/cite>\t\t\t\t<\/div>\n\t\t\t\t\t\t<div class=\"elementor-testimonial__footer\">\n\t\t\t\t\t\t\t\t\t<div class=\"elementor-testimonial__image\">\n\t\t\t\t\t\t<img decoding=\"async\" src=\"https:\/\/bethelight.com.co\/wp-content\/uploads\/2025\/09\/placeholder-demo-image-112x112-1.jpg\" alt=\"Mar\u00eda L\u00f3pez\">\n\t\t\t\t\t\t\t\t\t\t\t<\/div>\n\t\t\t\t\t\t\t\t\t\t\t<\/div>\n\t\t<\/div>\n\t\t\t\t\t\t\t\t<\/div>\n\t\t\t\t\t\t\t\t\t\t\t<div class=\"swiper-slide\" role=\"group\" aria-roledescription=\"slide\">\n\t\t\t\t\t\t\t\t\t<div class=\"elementor-testimonial\">\n\t\t\t\t\t\t\t<div class=\"elementor-testimonial__content\">\n\t\t\t\t\t<div class=\"elementor-testimonial__text\">\n\t\t\t\t\t\t\"Un equipo realmente profesional. Cada detalle fue considerado y superaron nuestras expectativas en cada aspecto de la iluminaci\u00f3n.\"\t\t\t\t\t<\/div>\n\t\t\t\t\t<cite class=\"elementor-testimonial__cite\"><span class=\"elementor-testimonial__name\">Carlos Ram\u00edrez<\/span><span class=\"elementor-testimonial__title\">Director, Productora XYZ<\/span><\/cite>\t\t\t\t<\/div>\n\t\t\t\t\t\t<div class=\"elementor-testimonial__footer\">\n\t\t\t\t\t\t\t\t\t<div class=\"elementor-testimonial__image\">\n\t\t\t\t\t\t<img decoding=\"async\" src=\"https:\/\/bethelight.com.co\/wp-content\/uploads\/2025\/09\/placeholder-demo-image-112x112-1.jpg\" alt=\"Carlos Ram\u00edrez\">\n\t\t\t\t\t\t\t\t\t\t\t<\/div>\n\t\t\t\t\t\t\t\t\t\t\t<\/div>\n\t\t<\/div>\n\t\t\t\t\t\t\t\t<\/div>\n\t\t\t\t\t\t\t\t\t\t\t<div class=\"swiper-slide\" role=\"group\" aria-roledescription=\"slide\">\n\t\t\t\t\t\t\t\t\t<div class=\"elementor-testimonial\">\n\t\t\t\t\t\t\t<div class=\"elementor-testimonial__content\">\n\t\t\t\t\t<div class=\"elementor-testimonial__text\">\n\t\t\t\t\t\t\"Fue un placer colaborar con Be the Light, la iluminaci\u00f3n realz\u00f3 por completo nuestra presentaci\u00f3n. Sin duda, volver\u00e9 a trabajar con ellos.\"\t\t\t\t\t<\/div>\n\t\t\t\t\t<cite class=\"elementor-testimonial__cite\"><span class=\"elementor-testimonial__name\">Ana Torres<\/span><span class=\"elementor-testimonial__title\">Coordinadora, Festival Art\u00edstico<\/span><\/cite>\t\t\t\t<\/div>\n\t\t\t\t\t\t<div class=\"elementor-testimonial__footer\">\n\t\t\t\t\t\t\t\t\t<div class=\"elementor-testimonial__image\">\n\t\t\t\t\t\t<img decoding=\"async\" src=\"https:\/\/bethelight.com.co\/wp-content\/uploads\/2025\/09\/placeholder-demo-image-112x112-1.jpg\" alt=\"Ana Torres\">\n\t\t\t\t\t\t\t\t\t\t\t<\/div>\n\t\t\t\t\t\t\t\t\t\t\t<\/div>\n\t\t<\/div>\n\t\t\t\t\t\t\t\t<\/div>\n\t\t\t\t\t\t\t\t\t\t\t<div class=\"swiper-slide\" role=\"group\" aria-roledescription=\"slide\">\n\t\t\t\t\t\t\t\t\t<div class=\"elementor-testimonial\">\n\t\t\t\t\t\t\t<div class=\"elementor-testimonial__content\">\n\t\t\t\t\t<div class=\"elementor-testimonial__text\">\n\t\t\t\t\t\t\"Su enfoque innovador en la iluminaci\u00f3n aport\u00f3 un valor a\u00f1adido a nuestra producci\u00f3n. Definitivamente, los recomiendo a todos en la industria.\"\t\t\t\t\t<\/div>\n\t\t\t\t\t<cite class=\"elementor-testimonial__cite\"><span class=\"elementor-testimonial__name\">Javier G\u00f3mez<\/span><span class=\"elementor-testimonial__title\">Productor, Eventos M\u00e1gicos<\/span><\/cite>\t\t\t\t<\/div>\n\t\t\t\t\t\t<div class=\"elementor-testimonial__footer\">\n\t\t\t\t\t\t\t\t\t<div class=\"elementor-testimonial__image\">\n\t\t\t\t\t\t<img decoding=\"async\" src=\"https:\/\/bethelight.com.co\/wp-content\/uploads\/2025\/09\/placeholder-demo-image-112x112-1.jpg\" alt=\"Javier G\u00f3mez\">\n\t\t\t\t\t\t\t\t\t\t\t<\/div>\n\t\t\t\t\t\t\t\t\t\t\t<\/div>\n\t\t<\/div>\n\t\t\t\t\t\t\t\t<\/div>\n\t\t\t\t\t\t\t\t\t<\/div>\n\t\t\t\t\t\t\t\t\t\t\t\t\t\t\t<div class=\"elementor-swiper-button elementor-swiper-button-prev\" role=\"button\" tabindex=\"0\" aria-label=\"Previous\">\n\t\t\t\t\t\t\t<svg aria-hidden=\"true\" class=\"e-font-icon-svg e-eicon-chevron-left\" viewBox=\"0 0 1000 1000\" xmlns=\"http:\/\/www.w3.org\/2000\/svg\"><path d=\"M646 125C629 125 613 133 604 142L308 442C296 454 292 471 292 487 292 504 296 521 308 533L604 854C617 867 629 875 646 875 663 875 679 871 692 858 704 846 713 829 713 812 713 796 708 779 692 767L438 487 692 225C700 217 708 204 708 187 708 171 704 154 692 142 675 129 663 125 646 125Z\"><\/path><\/svg>\t\t\t\t\t\t<\/div>\n\t\t\t\t\t\t<div class=\"elementor-swiper-button elementor-swiper-button-next\" role=\"button\" tabindex=\"0\" aria-label=\"Next\">\n\t\t\t\t\t\t\t<svg aria-hidden=\"true\" class=\"e-font-icon-svg e-eicon-chevron-right\" viewBox=\"0 0 1000 1000\" xmlns=\"http:\/\/www.w3.org\/2000\/svg\"><path d=\"M696 533C708 521 713 504 713 487 713 471 708 454 696 446L400 146C388 133 375 125 354 125 338 125 325 129 313 142 300 154 292 171 292 187 292 204 296 221 308 233L563 492 304 771C292 783 288 800 288 817 288 833 296 850 308 863 321 871 338 875 354 875 371 875 388 867 400 854L696 533Z\"><\/path><\/svg>\t\t\t\t\t\t<\/div>\n\t\t\t\t\t\t\t\t\t\t\t\t\t\t\t\t<div class=\"swiper-pagination\"><\/div>\n\t\t\t\t\t\t\t\t\t\t\t\t<\/div>\n\t\t\t\t\t\t\t\t<\/div>\n\t\t\t\t\t<\/div>\n\t\t\t\t<\/div>\n\t\t<div class=\"elementor-element elementor-element-3cb8a5c e-flex e-con-boxed e-con e-parent\" data-id=\"3cb8a5c\" data-element_type=\"container\" data-settings=\"{&quot;background_background&quot;:&quot;classic&quot;}\">\n\t\t\t\t\t<div class=\"e-con-inner\">\n\t\t<div class=\"elementor-element elementor-element-f16b119 e-flex e-con-boxed e-con e-child\" data-id=\"f16b119\" data-element_type=\"container\">\n\t\t\t\t\t<div class=\"e-con-inner\">\n\t\t\t\t<div class=\"elementor-element elementor-element-168f11b elementor-widget elementor-widget-heading\" data-id=\"168f11b\" data-element_type=\"widget\" data-widget_type=\"heading.default\">\n\t\t\t\t\t<h4 class=\"elementor-heading-title elementor-size-default\">\u00a1Agenda tu asesor\u00eda hoy!<\/h4>\t\t\t\t<\/div>\n\t\t\t\t<div class=\"elementor-element elementor-element-bb20c2b elementor-widget elementor-widget-text-editor\" data-id=\"bb20c2b\" data-element_type=\"widget\" data-widget_type=\"text-editor.default\">\n\t\t\t\t\t\t\t\t\t<p>Transforma tus ideas en realidad con nuestra asesor\u00eda. Te guiamos para que cada proyecto de iluminaci\u00f3n sea impactante y excepcional. No esperes m\u00e1s, \u00a1conoce c\u00f3mo podemos resaltar tu evento o producci\u00f3n!<\/p>\t\t\t\t\t\t\t\t<\/div>\n\t\t\t\t<div class=\"elementor-element elementor-element-3f7b3cb elementor-widget__width-auto elementor-align-right elementor-widget elementor-widget-button\" data-id=\"3f7b3cb\" data-element_type=\"widget\" data-widget_type=\"button.default\">\n\t\t\t\t\t\t\t\t\t\t<a class=\"elementor-button elementor-button-link elementor-size-sm\" href=\"#\">\n\t\t\t\t\t\t<span class=\"elementor-button-content-wrapper\">\n\t\t\t\t\t\t\t\t\t<span class=\"elementor-button-text\">Solicitar Asesor\u00eda<\/span>\n\t\t\t\t\t<\/span>\n\t\t\t\t\t<\/a>\n\t\t\t\t\t\t\t\t<\/div>\n\t\t\t\t\t<\/div>\n\t\t\t\t<\/div>\n\t\t\t\t\t<\/div>\n\t\t\t\t<\/div>\n\t\t\t\t<\/div>\n\t\t","protected":false},"excerpt":{"rendered":"<p>Ilumina tu mundo Descubre c\u00f3mo nuestras soluciones en dise\u00f1o de iluminaci\u00f3n transforman espect\u00e1culos en experiencias memorables. Ilumina tu mundo Portafolio Iluminaci\u00f3n de Teatro Este proyecto destaca por su innovadora iluminaci\u00f3n en un teatro. Combinamos t\u00e9cnicas modernas para crear un ambiente envolvente y atractivo que captur\u00f3 la atenci\u00f3n del p\u00fablico. Ver Proyecto Iluminaci\u00f3n para Conciertos En [&hellip;]<\/p>\n","protected":false},"author":1,"featured_media":0,"parent":0,"menu_order":0,"comment_status":"closed","ping_status":"closed","template":"","meta":{"footnotes":""},"class_list":["post-72","page","type-page","status-publish","hentry"],"_links":{"self":[{"href":"https:\/\/bethelight.com.co\/index.php?rest_route=\/wp\/v2\/pages\/72","targetHints":{"allow":["GET"]}}],"collection":[{"href":"https:\/\/bethelight.com.co\/index.php?rest_route=\/wp\/v2\/pages"}],"about":[{"href":"https:\/\/bethelight.com.co\/index.php?rest_route=\/wp\/v2\/types\/page"}],"author":[{"embeddable":true,"href":"https:\/\/bethelight.com.co\/index.php?rest_route=\/wp\/v2\/users\/1"}],"replies":[{"embeddable":true,"href":"https:\/\/bethelight.com.co\/index.php?rest_route=%2Fwp%2Fv2%2Fcomments&post=72"}],"version-history":[{"count":1,"href":"https:\/\/bethelight.com.co\/index.php?rest_route=\/wp\/v2\/pages\/72\/revisions"}],"predecessor-version":[{"id":114,"href":"https:\/\/bethelight.com.co\/index.php?rest_route=\/wp\/v2\/pages\/72\/revisions\/114"}],"wp:attachment":[{"href":"https:\/\/bethelight.com.co\/index.php?rest_route=%2Fwp%2Fv2%2Fmedia&parent=72"}],"curies":[{"name":"wp","href":"https:\/\/api.w.org\/{rel}","templated":true}]}}